{"id":9934,"date":"2022-01-24T14:21:08","date_gmt":"2022-01-24T14:21:08","guid":{"rendered":"https:\/\/viralhelp.me\/?post_type=product&#038;p=9934"},"modified":"2024-08-20T21:04:31","modified_gmt":"2024-08-20T21:04:31","slug":"flyer","status":"publish","type":"product","link":"https:\/\/viralhelp.me\/et\/product\/flyer\/","title":{"rendered":"Protokolli koostamise voldik"},"content":{"rendered":"<p><span style=\"font-weight: 400;\">See meelespea on Teile abiks ja aitab j\u00e4\u00e4da rahulikuks ning meelekindlaks ka olukorras, kui Teid on mingil p\u00f5hjusel (kinnipidamine miitingul, liikluseeskirjade rikkumine, ... ) EV politsei poolt kinni peetud. Tutvuge selle meelespeaga  t\u00e4helepanelikult! See soovitab teil p\u00f6\u00f6rata t\u00e4helepanu protokolli olulise t\u00e4htsusega osadele ja annab teada, kuidas need peavad olema t\u00e4idetud, tagamaks teie \u00f5igusi: t\u00f5lgi olemasolu, kaitsja olemasolu, tunnistajate kohalolek, teie selgitused jne. <\/span><\/p>","protected":false},"excerpt":{"rendered":"<p><span style=\"font-weight: 400;\">\u0414\u0430\u043d\u043d\u0430\u044f \u043f\u0430\u043c\u044f\u0442\u043a\u0430 \u043f\u043e\u043c\u043e\u0436\u0435\u0442 \u0432\u0430\u043c \u043f\u0440\u0430\u0432\u0438\u043b\u044c\u043d\u043e \u0438 \u0443\u0432\u0435\u0440\u0435\u043d\u043d\u043e \u0432\u0435\u0441\u0442\u0438 \u0441\u0435\u0431\u044f \u0432 \u0441\u043b\u0443\u0447\u0430\u0435 \u0437\u0430\u0434\u0435\u0440\u0436\u0430\u043d\u0438\u044f \u043f\u043e\u043b\u0438\u0446\u0438\u0435\u0439 \u0432 \u042d\u0441\u0442\u043e\u043d\u0438\u0438 \u043f\u043e \u043b\u044e\u0431\u043e\u043c\u0443 \u043f\u043e\u0432\u043e\u0434\u0443- \u0434\u043b\u044f \u0441\u043e\u0441\u0442\u0430\u0432\u043b\u0435\u043d\u0438\u044f \u043f\u0440\u043e\u0442\u043e\u043a\u043e\u043b\u0430: \u0437\u0430\u0434\u0435\u0440\u0436\u0430\u043d\u0438\u0435 \u043d\u0430 \u043c\u0438\u0442\u0438\u043d\u0433\u0435, \u043d\u0430\u0440\u0443\u0448\u0435\u043d\u0438\u0435 \u041f\u0440\u0430\u0432\u0438\u043b \u0434\u043e\u0440\u043e\u0436\u043d\u043e\u0433\u043e \u0434\u0432\u0438\u0436\u0435\u043d\u0438\u044f \u0438 \u0434\u0440. \u041e\u0437\u043d\u0430\u043a\u043e\u043c\u044c\u0442\u0435\u0441\u044c \u0441 \u043d\u0435\u0439 \u0432\u043d\u0438\u043c\u0430\u0442\u0435\u043b\u044c\u043d\u043e. \u041e\u043d\u0430 \u043f\u043e\u043c\u043e\u0436\u0435\u0442 \u0432\u0430\u043c \u043e\u0431\u0440\u0430\u0442\u0438\u0442\u044c \u0432\u043d\u0438\u043c\u0430\u043d\u0438\u0435 \u043d\u0430 \u0432\u0430\u0436\u043d\u044b\u0435 \u0447\u0430\u0441\u0442\u0438 \u041f\u0440\u043e\u0442\u043e\u043a\u043e\u043b\u0430 \u0438 \u0437\u043d\u0430\u0442\u044c, \u043a\u0430\u043a \u043e\u043d\u0438 \u0434\u043e\u043b\u0436\u043d\u044b \u0431\u044b\u0442\u044c \u0437\u0430\u043f\u043e\u043b\u043d\u0435\u043d\u044b, \u0447\u0442\u043e\u0431\u044b \u0432\u0430\u0448\u0438 \u043f\u0440\u0430\u0432\u0430 \u0431\u044b\u043b\u0438 \u0441\u043e\u0431\u043b\u044e\u0434\u0435\u043d\u044b: \u043d\u0435\u043e\u0431\u0445\u043e\u0434\u0438\u043c\u043e\u0441\u0442\u044c \u043f\u0435\u0440\u0435\u0432\u043e\u0434\u0447\u0438\u043a\u0430, \u0437\u0430\u0449\u0438\u0442\u043d\u0438\u043a\u0430, \u043d\u0430\u043b\u0438\u0447\u0438\u0435 \u0441\u0432\u0438\u0434\u0435\u0442\u0435\u043b\u0435\u0439, \u0432\u0430\u0448\u0438 \u043f\u043e\u044f\u0441\u043d\u0435\u043d\u0438\u044f \u0438 \u0434\u0440.<\/span><\/p>","protected":false},"featured_media":10097,"template":"","meta":[],"product_cat":[47],"product_tag":[],"class_list":{"0":"post-9934","1":"product","2":"type-product","3":"status-publish","4":"has-post-thumbnail","6":"product_cat-uncategorized","7":"product_shipping_class-estonia_class","9":"first","10":"instock","11":"virtual","12":"purchasable","13":"product-type-simple","14":"nyp-product"},"_links":{"self":[{"href":"https:\/\/viralhelp.me\/et\/wp-json\/wp\/v2\/product\/9934","targetHints":{"allow":["GET"]}}],"collection":[{"href":"https:\/\/viralhelp.me\/et\/wp-json\/wp\/v2\/product"}],"about":[{"href":"https:\/\/viralhelp.me\/et\/wp-json\/wp\/v2\/types\/product"}],"wp:featuredmedia":[{"embeddable":true,"href":"https:\/\/viralhelp.me\/et\/wp-json\/wp\/v2\/media\/10097"}],"wp:attachment":[{"href":"https:\/\/viralhelp.me\/et\/wp-json\/wp\/v2\/media?parent=9934"}],"wp:term":[{"taxonomy":"product_cat","embeddable":true,"href":"https:\/\/viralhelp.me\/et\/wp-json\/wp\/v2\/product_cat?post=9934"},{"taxonomy":"product_tag","embeddable":true,"href":"https:\/\/viralhelp.me\/et\/wp-json\/wp\/v2\/product_tag?post=9934"}],"curies":[{"name":"wp","href":"https:\/\/api.w.org\/{rel}","templated":true}]}}