{"id":10924,"date":"2023-09-26T09:51:35","date_gmt":"2023-09-26T09:51:35","guid":{"rendered":"https:\/\/viralhelp.me\/?post_type=product&#038;p=10924"},"modified":"2024-08-20T20:55:55","modified_gmt":"2024-08-20T20:55:55","slug":"detention-by-police-guide","status":"publish","type":"product","link":"https:\/\/viralhelp.me\/et\/product\/detention-by-police-guide\/","title":{"rendered":"Memo kinnipidamise korral"},"content":{"rendered":"<p>Infoleht aitab teil m\u00f5ista, kuidas politseiga k\u00e4ituda, kui teid vahistatakse. Laadige see alla oma telefoni, s\u00fclearvutisse v\u00f5i tahvelarvutisse.<\/p>","protected":false},"excerpt":{"rendered":"<p>Infoleht aitab teil m\u00f5ista, kuidas politseiga k\u00e4ituda, kui teid vahistatakse. Laadige see alla oma telefoni, s\u00fclearvutisse v\u00f5i tahvelarvutisse.<\/p>","protected":false},"featured_media":10926,"template":"","meta":[],"product_cat":[47],"product_tag":[],"class_list":{"0":"post-10924","1":"product","2":"type-product","3":"status-publish","4":"has-post-thumbnail","6":"product_cat-uncategorized","8":"first","9":"instock","10":"downloadable","11":"virtual","12":"purchasable","13":"product-type-simple"},"_links":{"self":[{"href":"https:\/\/viralhelp.me\/et\/wp-json\/wp\/v2\/product\/10924","targetHints":{"allow":["GET"]}}],"collection":[{"href":"https:\/\/viralhelp.me\/et\/wp-json\/wp\/v2\/product"}],"about":[{"href":"https:\/\/viralhelp.me\/et\/wp-json\/wp\/v2\/types\/product"}],"wp:featuredmedia":[{"embeddable":true,"href":"https:\/\/viralhelp.me\/et\/wp-json\/wp\/v2\/media\/10926"}],"wp:attachment":[{"href":"https:\/\/viralhelp.me\/et\/wp-json\/wp\/v2\/media?parent=10924"}],"wp:term":[{"taxonomy":"product_cat","embeddable":true,"href":"https:\/\/viralhelp.me\/et\/wp-json\/wp\/v2\/product_cat?post=10924"},{"taxonomy":"product_tag","embeddable":true,"href":"https:\/\/viralhelp.me\/et\/wp-json\/wp\/v2\/product_tag?post=10924"}],"curies":[{"name":"wp","href":"https:\/\/api.w.org\/{rel}","templated":true}]}}