{"id":4398,"date":"2021-05-04T14:17:00","date_gmt":"2021-05-04T14:17:00","guid":{"rendered":"https:\/\/viralhelp.me\/faq-copy\/"},"modified":"2024-12-11T13:23:36","modified_gmt":"2024-12-11T13:23:36","slug":"vh-platform-terms","status":"publish","type":"page","link":"https:\/\/viralhelp.me\/et\/vh-platform-terms\/","title":{"rendered":"Viral Help platvormiga t\u00f6\u00f6tamise tingimused"},"content":{"rendered":"<div data-elementor-type=\"wp-page\" data-elementor-id=\"4398\" class=\"elementor elementor-4398\" data-elementor-settings=\"[]\">\n\t\t\t\t\t\t<div class=\"elementor-inner\">\n\t\t\t\t\t\t\t<div class=\"elementor-section-wrap\">\n\t\t\t\t\t\t\t<section class=\"elementor-section elementor-top-section elementor-element elementor-element-79f838e elementor-section-boxed elementor-section-height-default elementor-section-height-default\" data-id=\"79f838e\" data-element_type=\"section\">\n\t\t\t\t\t\t<div class=\"elementor-container elementor-column-gap-default\">\n\t\t\t\t\t\t\t<div class=\"elementor-row\">\n\t\t\t\t\t<div class=\"elementor-column elementor-col-100 elementor-top-column elementor-element elementor-element-7445770\" data-id=\"7445770\" data-element_type=\"column\">\n\t\t\t<div class=\"elementor-column-wrap elementor-element-populated\">\n\t\t\t\t\t\t\t<div class=\"elementor-widget-wrap\">\n\t\t\t\t\t\t<div class=\"elementor-element elementor-element-91c1d53 elementor-widget elementor-widget-text-editor\" data-id=\"91c1d53\" data-element_type=\"widget\" data-widget_type=\"text-editor.default\">\n\t\t\t\t<div class=\"elementor-widget-container\">\n\t\t\t\t\t\t\t\t<div class=\"elementor-text-editor elementor-clearfix\">\n\t\t\t\t\t<h1><b>Viral Help platvormiga t\u00f6\u00f6tamise tingimused<\/b><\/h1><ol><li style=\"font-weight: 400;\" aria-level=\"1\"><span style=\"font-weight: 400;\">Veebileht ja sellega seotud suhtlusv\u00f5rgustike lehed pakuvad k\u00f5igile ausaile kasutajaile ligip\u00e4\u00e4suv\u00f5imalust informatsioonile aktuaalsetel teemadel konsultatsioonide, n\u00e4idisdokumentide, allkirjastatud avalduste, kaebuste, pretensioonide, korralduste ja muude dokumentide n\u00e4ol.\u00a0<\/span><\/li><li style=\"font-weight: 400;\" aria-level=\"1\"><span style=\"font-weight: 400;\">K\u00fclastaja poolt veebilehele minek t\u00e4hendab, et ta tingimusteta n\u00f5ustub kasutajatingimustega.<\/span><\/li><li style=\"font-weight: 400;\" aria-level=\"1\"><i><span style=\"font-weight: 400;\">Veebilehe v\u00f5rgu\u00fchenduses v\u00f5i v\u00f5rgu\u00fchenduseta teenuste kasutamine toimub kasutaja omal vastutusel ja oma nime all<\/span><\/i><span style=\"font-weight: 400;\">, kui pole konkreetselt m\u00e4rgitud teisiti.<\/span><\/li><li style=\"font-weight: 400;\" aria-level=\"1\"><span style=\"font-weight: 400;\">Veebilehe omanik : Zestylawyer SARL-s, registreeritud Luksemburgi Suurhertsogiriigis numbri B243718 all.<\/span><\/li><li style=\"font-weight: 400;\" aria-level=\"1\"><span style=\"font-weight: 400;\">Omanik teeb k\u00f5ik endast oleneva, et veebilehel avaldatav teave oleks t\u00f5ene, asjakohane ja praktiline ja <\/span><i><span style=\"font-weight: 400;\">Omanik keeldub vastutamast veebilehe kasutamise tulemuste v\u00f5i kasutamise protsessi eest.<\/span><\/i><span style=\"font-weight: 400;\">.<\/span><\/li><li style=\"font-weight: 400;\" aria-level=\"1\"><span style=\"font-weight: 400;\">Mistahes materjalide jagamisel on veebilehe viide kohustuslik.<\/span><\/li><li style=\"font-weight: 400;\" aria-level=\"1\"><span style=\"font-weight: 400;\">M\u00f5nede  veebilehe teenuste kasutamisel peate Omanikule v\u00f5i tema vastutavale t\u00f6\u00f6tajale esitama volituse teie huvide esindamiseks riigiasutustes.<\/span><\/li><li style=\"font-weight: 400;\" aria-level=\"1\"><span style=\"font-weight: 400;\">Teie ainuisikuliselt vastutate andmete, mis sisestate veebilehe teenuste kasutamisel,  \u00f5igsuse ja t\u00e4psuse eest.<\/span><\/li><li style=\"font-weight: 400;\" aria-level=\"1\"><span style=\"font-weight: 400;\">Vajaduse korral volitate veebilehe Omanikku avaldama teie kaebuse, avalduse v\u00f5i muu p\u00f6\u00f6rdumise sisu k\u00f5igile n\u00e4htavana, ilma teie isikuandmeid t\u00e4psustamata, et j\u00e4lgida teie kaebuse, taotluse v\u00f5i muu p\u00f6\u00f6rdumise l\u00e4bivaatamise olekut asutuses. Neil puhkudel kasutatakse veeebilehel ainult teie nime esit\u00e4hti.<\/span><\/li><li style=\"font-weight: 400;\" aria-level=\"1\"><span style=\"font-weight: 400;\">Te lubate veebilehel e-posti aadressi v\u00f5i tavaposti kaudu vastu v\u00f5tta ja t\u00f6\u00f6delda vastuseid ametiasutustelt teie kaebustele, avaldustele v\u00f5i muule p\u00f6\u00f6rdumisele. Kui soovite saada vastust ka oma e-posti aadressile, peate seda m\u00e4rkima oma p\u00f6\u00f6rdumises.<\/span><\/li><li style=\"font-weight: 400;\" aria-level=\"1\"><span style=\"font-weight: 400;\">K\u00f5ik vaidlused lahendatakse l\u00e4bir\u00e4\u00e4kimiste teel. Kui tekib vaidlusi, olete kohustatud teavitama sellest veebilehe Omanikku e-posti aadressil <\/span><a href=\"mailto:a@viralhelp.me\"><span style=\"font-weight: 400;\">a@viralhelp.me<\/span><\/a><span style=\"font-weight: 400;\">\u00a0<\/span><\/li><li style=\"font-weight: 400;\" aria-level=\"1\"><span style=\"font-weight: 400;\">Lahendamata vaidlused lahendab ADR ja ainus p\u00e4dev kohtupidamine on arbitraa\u017e Singapuris. Samal ajal on pooled kohustatud v\u00f5rdselt ette tasuma s\u00f5ltumatu vahekohtuniku teenuste maksumuse, mille \u00fclempiir on 1500 eurot. Veebilehe Omanik m\u00e4\u00e4rab  Singapurist sobiva s\u00f5ltumatu vahekohtuniku.<\/span><\/li><li style=\"font-weight: 400;\" aria-level=\"1\"><span style=\"font-weight: 400;\">K\u00e4esolevad reeglid j\u00f5ustuvad 25.03.2021 ja kehtivad kuni t\u00fchistamiseni. Omanik j\u00e4tab endale \u00f5iguse neid reegleid muuta vastaval veebilehel avaldatava kahep\u00e4evase etteteatamisega uute reeglite j\u00f5ustumise kohta.<\/span><\/li><li aria-level=\"1\"><p>Kaartide vormistamist ja v\u00e4ljaandmist teostab MT\u00dc Estonian Legal Alliance (registrikood 80598170). Teilt saadud vahendeid kasutatakse muude juristide konsultatsioonide maksmiseks ning  meiega \u00fchendust v\u00f5tnud ja kaitset vajavate inimeste ja ettev\u00f5tete abistamiseks. Saate toetada neid, tehes annetuse nende heaks kontole EE854204278619602805, mille eest oleme t\u00e4nulikud.<\/p><\/li><\/ol>\t\t\t\t\t<\/div>\n\t\t\t\t\t\t<\/div>\n\t\t\t\t<\/div>\n\t\t\t\t\t\t<\/div>\n\t\t\t\t\t<\/div>\n\t\t<\/div>\n\t\t\t\t\t\t\t\t<\/div>\n\t\t\t\t\t<\/div>\n\t\t<\/section>\n\t\t\t\t\t\t<\/div>\n\t\t\t\t\t\t<\/div>\n\t\t\t\t\t<\/div>","protected":false},"excerpt":{"rendered":"<p>\u0423\u0441\u043b\u043e\u0432\u0438\u044f \u0440\u0430\u0431\u043e\u0442\u044b \u0441 \u043f\u043b\u0430\u0442\u0444\u043e\u0440\u043c\u043e\u0439 Viral Help \u0421\u0430\u0439\u0442 \u0441\u043e\u043e\u0442\u0432\u0435\u0442\u0441\u0442\u0432\u0443\u044e\u0449\u0438\u0435 \u0441\u0442\u0440\u0430\u043d\u0438\u0446\u044b \u0432 \u0441\u043e\u0446\u0438\u0430\u043b\u044c\u043d\u044b\u0445 \u0441\u0435\u0442\u044f\u0445 \u043f\u0440\u0435\u0434\u043e\u0441\u0442\u0430\u0432\u043b\u044f\u044e\u0442 \u0432\u043e\u0437\u043c\u043e\u0436\u043d\u043e\u0441\u0442\u044c \u043b\u044e\u0431\u043e\u043c\u0443 \u0434\u043e\u0431\u0440\u043e\u043f\u043e\u0440\u044f\u0434\u043e\u0447\u043d\u043e\u043c\u0443 \u043f\u043e\u043b\u044c\u0437\u043e\u0432\u0430\u0442\u0435\u043b\u044e \u043f\u043e\u043b\u0443\u0447\u0438\u0442\u044c \u0434\u043e\u0441\u0442\u0443\u043f \u043a \u0438\u043d\u0444\u043e\u0440\u043c\u0430\u0446\u0438\u0438 \u043d\u0430 \u0430\u043a\u0442\u0443\u0430\u043b\u044c\u043d\u044b\u0435 \u0442\u0435\u043c\u044b, \u043a\u043e\u043d\u0441\u0443\u043b\u044c\u0442\u0430\u0446\u0438\u0438, \u043e\u0431\u0440\u0430\u0437\u0446\u044b \u0434\u043e\u043a\u0443\u043c\u0435\u043d\u0442\u043e\u0432, \u043f\u043e\u0434\u043f\u0438\u0441\u0430\u0442\u044c \u0437\u0430\u044f\u0432\u043b\u0435\u043d\u0438\u044f, \u0436\u0430\u043b\u043e\u0431\u044b, \u043f\u0440\u0435\u0442\u0435\u043d\u0437\u0438\u0438, \u043d\u0430\u043a\u0430\u0437\u044b \u0438 \u043f\u0440\u043e\u0447\u0438\u0435 \u0434\u043e\u043a\u0443\u043c\u0435\u043d\u0442\u044b \u0432 \u043e\u0442\u043d\u043e\u0448\u0435\u043d\u0438\u0438 \u0441\u0435\u0431\u044f \u0438 \u043b\u044e\u0431\u044b\u0445 \u0442\u0440\u0435\u0442\u044c\u0438\u0445 \u043b\u0438\u0446.\u00a0 \u041e\u0442\u043a\u0440\u044b\u0442\u0438\u0435 \u041f\u043e\u0441\u0435\u0442\u0438\u0442\u0435\u043b\u0435\u043c \u0441\u0430\u0439\u0442\u0430 \u043e\u0437\u043d\u0430\u0447\u0430\u0435\u0442 \u0431\u0435\u0437\u043e\u0433\u043e\u0432\u043e\u0440\u043e\u0447\u043d\u043e\u0435 \u043f\u0440\u0438\u043d\u044f\u0442\u0438\u0435 \u0438\u043c \u043d\u0430\u0441\u0442\u043e\u044f\u0449\u0438\u0445 \u0423\u0441\u043b\u043e\u0432\u0438\u0439. \u0418\u0441\u043f\u043e\u043b\u044c\u0437\u043e\u0432\u0430\u043d\u0438\u0435 \u0443\u0441\u043b\u0443\u0433 \u0441\u0430\u0439\u0442\u0430 \u0432 [&hellip;]<\/p>","protected":false},"author":8,"featured_media":0,"parent":0,"menu_order":0,"comment_status":"closed","ping_status":"closed","template":"","meta":{"footnotes":""},"class_list":["post-4398","page","type-page","status-publish","hentry"],"_links":{"self":[{"href":"https:\/\/viralhelp.me\/et\/wp-json\/wp\/v2\/pages\/4398","targetHints":{"allow":["GET"]}}],"collection":[{"href":"https:\/\/viralhelp.me\/et\/wp-json\/wp\/v2\/pages"}],"about":[{"href":"https:\/\/viralhelp.me\/et\/wp-json\/wp\/v2\/types\/page"}],"author":[{"embeddable":true,"href":"https:\/\/viralhelp.me\/et\/wp-json\/wp\/v2\/users\/8"}],"replies":[{"embeddable":true,"href":"https:\/\/viralhelp.me\/et\/wp-json\/wp\/v2\/comments?post=4398"}],"version-history":[{"count":17,"href":"https:\/\/viralhelp.me\/et\/wp-json\/wp\/v2\/pages\/4398\/revisions"}],"predecessor-version":[{"id":11436,"href":"https:\/\/viralhelp.me\/et\/wp-json\/wp\/v2\/pages\/4398\/revisions\/11436"}],"wp:attachment":[{"href":"https:\/\/viralhelp.me\/et\/wp-json\/wp\/v2\/media?parent=4398"}],"curies":[{"name":"wp","href":"https:\/\/api.w.org\/{rel}","templated":true}]}}