{"id":4241,"date":"2021-04-14T14:01:33","date_gmt":"2021-04-14T14:01:33","guid":{"rendered":"https:\/\/viralhelp.me\/?page_id=4241"},"modified":"2021-04-20T16:25:08","modified_gmt":"2021-04-20T16:25:08","slug":"volkiri","status":"publish","type":"page","link":"https:\/\/viralhelp.me\/et\/volkiri\/","title":{"rendered":"Volikiri teie esindajale politsei jaoks"},"content":{"rendered":"<div data-elementor-type=\"wp-page\" data-elementor-id=\"4241\" class=\"elementor elementor-4241\" data-elementor-settings=\"[]\">\n\t\t\t\t\t\t<div class=\"elementor-inner\">\n\t\t\t\t\t\t\t<div class=\"elementor-section-wrap\">\n\t\t\t\t\t\t\t<section class=\"elementor-section elementor-top-section elementor-element elementor-element-2d8fbd7 elementor-section-boxed elementor-section-height-default elementor-section-height-default\" data-id=\"2d8fbd7\" data-element_type=\"section\">\n\t\t\t\t\t\t<div class=\"elementor-container elementor-column-gap-default\">\n\t\t\t\t\t\t\t<div class=\"elementor-row\">\n\t\t\t\t\t<div class=\"elementor-column elementor-col-100 elementor-top-column elementor-element elementor-element-95b4e2b\" data-id=\"95b4e2b\" data-element_type=\"column\">\n\t\t\t<div class=\"elementor-column-wrap elementor-element-populated\">\n\t\t\t\t\t\t\t<div class=\"elementor-widget-wrap\">\n\t\t\t\t\t\t<div class=\"elementor-element elementor-element-1b33f14 elementor-widget elementor-widget-heading\" data-id=\"1b33f14\" data-element_type=\"widget\" data-widget_type=\"heading.default\">\n\t\t\t\t<div class=\"elementor-widget-container\">\n\t\t\t<h2 class=\"elementor-heading-title elementor-size-default\">Volikiri teie esindajale politsei jaoks<\/h2>\t\t<\/div>\n\t\t\t\t<\/div>\n\t\t\t\t\t\t<\/div>\n\t\t\t\t\t<\/div>\n\t\t<\/div>\n\t\t\t\t\t\t\t\t<\/div>\n\t\t\t\t\t<\/div>\n\t\t<\/section>\n\t\t\t\t<section class=\"elementor-section elementor-top-section elementor-element elementor-element-7fd7ffe elementor-section-boxed elementor-section-height-default elementor-section-height-default\" data-id=\"7fd7ffe\" data-element_type=\"section\">\n\t\t\t\t\t\t<div class=\"elementor-container elementor-column-gap-default\">\n\t\t\t\t\t\t\t<div class=\"elementor-row\">\n\t\t\t\t\t<div class=\"elementor-column elementor-col-100 elementor-top-column elementor-element elementor-element-20fce88\" data-id=\"20fce88\" data-element_type=\"column\">\n\t\t\t<div class=\"elementor-column-wrap elementor-element-populated\">\n\t\t\t\t\t\t\t<div class=\"elementor-widget-wrap\">\n\t\t\t\t\t\t<div class=\"elementor-element elementor-element-c495a73 elementor-widget elementor-widget-text-editor\" data-id=\"c495a73\" data-element_type=\"widget\" data-widget_type=\"text-editor.default\">\n\t\t\t\t<div class=\"elementor-widget-container\">\n\t\t\t\t\t\t\t\t<div class=\"elementor-text-editor elementor-clearfix\">\n\t\t\t\t\t<p><span style=\"font-weight: 400;\">Kui politsei teid kinni pidas, on teil \u00f5igus kaasa v\u00f5tta oma esindaja, kes v\u00f5ib tulla kohale ja j\u00e4lgida k\u00f5ike, mis teiega politseis juhtub.<\/span><\/p><p><span style=\"font-weight: 400;\">Selleks inimeseks v\u00f5ib olla iga\u00fcks, kellel on juriidiline haridus. Praktiline kogemus pole oluline.<\/span><\/p><p><span style=\"font-weight: 400;\">Teie esindajal peab olema diplom, mille koopia ta peab \u00fcle andma teile ja kui vaja, politseile.<\/span><\/p><p><span style=\"font-weight: 400;\">Peate selleks eelnevalt ette valmistuma - t\u00e4itma ja allkirjastama volikirja enda ja oma esindaja kohta k\u00e4iva teabega.\u00a0<\/span><\/p><p><span style=\"font-weight: 400;\">Kui sisestate meile oma e-posti aadressi allpool, saadetakse teile dokumen. Kohe peale selle t\u00e4itmist ja allkirjastamist laadige dokument oma seadmesse alla. See kuulubki politseis esitamisele.<\/span><\/p>\t\t\t\t\t<\/div>\n\t\t\t\t\t\t<\/div>\n\t\t\t\t<\/div>\n\t\t\t\t\t\t<\/div>\n\t\t\t\t\t<\/div>\n\t\t<\/div>\n\t\t\t\t\t\t\t\t<\/div>\n\t\t\t\t\t<\/div>\n\t\t<\/section>\n\t\t\t\t<section class=\"elementor-section elementor-top-section elementor-element elementor-element-e7c76a6 elementor-section-boxed elementor-section-height-default elementor-section-height-default\" data-id=\"e7c76a6\" data-element_type=\"section\">\n\t\t\t\t\t\t<div class=\"elementor-container elementor-column-gap-default\">\n\t\t\t\t\t\t\t<div class=\"elementor-row\">\n\t\t\t\t\t<div class=\"elementor-column elementor-col-100 elementor-top-column elementor-element elementor-element-760b525\" data-id=\"760b525\" data-element_type=\"column\">\n\t\t\t<div class=\"elementor-column-wrap elementor-element-populated\">\n\t\t\t\t\t\t\t<div class=\"elementor-widget-wrap\">\n\t\t\t\t\t\t<div class=\"elementor-element elementor-element-3feddb5 elementor-widget elementor-widget-shortcode\" data-id=\"3feddb5\" data-element_type=\"widget\" data-widget_type=\"shortcode.default\">\n\t\t\t\t<div class=\"elementor-widget-container\">\n\t\t\t\t\t<div class=\"elementor-shortcode\"><style type=\"text\/css\">\r\n       .errordiv { padding:10px; margin:10px; border: 1px solid #555555;color: #000000;background-color: #f8f8f8; width:500px; }#advanced_iframe {visibility:visible;opacity:1;vertical-align:top;}.ai-info-bottom-iframe { position: fixed; z-index: 10000; bottom:0; left: 0; margin: 0px; text-align: center; width: 100%; background-color: #ff9999; padding-left: 5px;padding-bottom: 5px; border-top: 1px solid #aaa } a.ai-bold {font-weight: bold;}#ai-layer-div-advanced_iframe p {height:100%;margin:0;padding:0}<\/style><script type=\"text\/javascript\">  var ai_iframe_width_advanced_iframe = 0;  var ai_iframe_height_advanced_iframe = 0;function aiReceiveMessageadvanced_iframe(event) {  aiProcessMessage(event,\"advanced_iframe\", \"true\");}if (window.addEventListener) {  window.addEventListener(\"message\", aiReceiveMessageadvanced_iframe);} else if (el.attachEvent)  {  el.attachEvent(\"message\", aiReceiveMessageadvanced_iframe);}var aiIsIe8=false;var aiEnableCookie=true; aiId=\"advanced_iframe\";var aiOnloadScrollTop=\"true\";\r\nif (typeof aiReadyCallbacks === 'undefined') {\r\n    var aiReadyCallbacks = [];  \r\n} else if (!(aiReadyCallbacks instanceof Array)) {\r\n    var aiReadyCallbacks = [];\r\n}    function aiShowIframeId(id_iframe) { jQuery(\"#\"+id_iframe).css(\"visibility\", \"visible\");    }    function aiResizeIframeHeight(height) { aiResizeIframeHeight(height,advanced_iframe); }    function aiResizeIframeHeightId(height,width,id) {aiResizeIframeHeightById(id,height);}<\/script><iframe loading=\"lazy\" id=\"advanced_iframe\"  name=\"advanced_iframe\"  src=\"https:\/\/id.eideasy.com\/sign_contract?client_id=DxHc9oKZgqTD93nkiuhYtSAZ61grxez0&#038;contract_id=coOjPt\"  width=\"100%\"  height=\"1200\"  frameborder=\"0\"  allowtransparency=\"true\"  style=\";width:100%;height:1200px;\"  onload=';aiResizeIframe(this, &quot;true&quot;,&quot;1&quot;);' ><\/iframe><script type=\"text\/javascript\">var ifrm_advanced_iframe = document.getElementById(\"advanced_iframe\");var hiddenTabsDoneadvanced_iframe = false;\r\nfunction resizeCallbackadvanced_iframe() {}function aiChangeUrl(loc) {}if (window.aiUseCookie) { aiUseCookie(); }<\/script><script type=\"text\/javascript\"><\/script><\/div>\n\t\t\t\t<\/div>\n\t\t\t\t<\/div>\n\t\t\t\t\t\t<\/div>\n\t\t\t\t\t<\/div>\n\t\t<\/div>\n\t\t\t\t\t\t\t\t<\/div>\n\t\t\t\t\t<\/div>\n\t\t<\/section>\n\t\t\t\t\t\t<\/div>\n\t\t\t\t\t\t<\/div>\n\t\t\t\t\t<\/div>","protected":false},"excerpt":{"rendered":"<p>\u0414\u043e\u0432\u0435\u0440\u0435\u043d\u043d\u043e\u0441\u0442\u044c \u0434\u043b\u044f \u043f\u0440\u0435\u0434\u0441\u0442\u0430\u0432\u0438\u0442\u0435\u043b\u044f \u0432 \u043f\u043e\u043b\u0438\u0446\u0438\u0438 \u0415\u0441\u043b\u0438 \u0432\u0430\u0441 \u0437\u0430\u0434\u0435\u0440\u0436\u0430\u043b\u0430 \u043f\u043e\u043b\u0438\u0446\u0438\u044f, \u0443 \u0432\u0430\u0441 \u0435\u0441\u0442\u044c \u043f\u0440\u0430\u0432\u043e \u043d\u0430 \u043f\u0440\u0435\u0441\u0442\u0430\u0432\u0438\u0442\u0435\u043b\u044f, \u043a\u043e\u0442\u043e\u0440\u044b\u0439 \u0441\u043c\u043e\u0436\u0435\u0442 \u043f\u0440\u0438\u0435\u0445\u0430\u0442\u044c \u0438 \u043f\u0440\u043e\u043a\u043e\u043d\u0442\u0440\u043e\u043b\u0438\u0440\u043e\u0432\u0430\u0442\u044c \u0432\u0441\u0435, \u0447\u0442\u043e \u043f\u0440\u043e\u0438\u0441\u0445\u043e\u0434\u0438\u0442 \u0441 \u0432\u0430\u043c\u0438 \u0432 \u043f\u043e\u043b\u0438\u0446\u0438\u0438. \u042d\u0442\u043e\u0442 \u0447\u0435\u043b\u043e\u0432\u0435\u043a \u0434\u043e\u043b\u0436\u0435\u043d \u0438\u043c\u0435\u0442\u044c \u044e\u0440\u0438\u0434\u0438\u0447\u0435\u0441\u043a\u043e\u0435 \u043e\u0431\u0440\u0430\u0437\u043e\u0432\u0430\u043d\u0438\u0435. \u041e\u043f\u044b\u0442 \u043f\u0440\u0430\u043a\u0442\u0438\u043a\u0438 \u043d\u0435 \u0438\u043c\u0435\u0435\u0442 \u0437\u043d\u0430\u0447\u0435\u043d\u0438\u044f. \u0412\u0430\u043c \u043d\u0435\u043e\u0431\u0445\u043e\u0434\u0438\u043c\u043e \u0437\u0430\u0440\u0430\u043d\u0435\u0435 \u043f\u043e\u0434\u0433\u043e\u0442\u043e\u0432\u0438\u0442\u044c\u0441\u044f, \u0442\u043e \u0435\u0441\u0442\u044c \u0437\u0430\u043f\u043e\u043b\u043d\u0438\u0442\u044c \u0438 \u043f\u043e\u0434\u043f\u0438\u0441\u0430\u0442\u044c \u0434\u0430\u043d\u043d\u043e\u0435 \u0437\u0430\u044f\u0432\u043b\u0435\u043d\u0438\u0435 \u0441 \u0434\u0430\u043d\u043d\u044b\u043c\u0438 \u043e \u0441\u0435\u0431\u0435 \u0438 \u0432\u0430\u0448\u0435\u043c [&hellip;]<\/p>","protected":false},"author":8,"featured_media":0,"parent":0,"menu_order":0,"comment_status":"closed","ping_status":"closed","template":"","meta":{"footnotes":""},"class_list":["post-4241","page","type-page","status-publish","hentry"],"_links":{"self":[{"href":"https:\/\/viralhelp.me\/et\/wp-json\/wp\/v2\/pages\/4241","targetHints":{"allow":["GET"]}}],"collection":[{"href":"https:\/\/viralhelp.me\/et\/wp-json\/wp\/v2\/pages"}],"about":[{"href":"https:\/\/viralhelp.me\/et\/wp-json\/wp\/v2\/types\/page"}],"author":[{"embeddable":true,"href":"https:\/\/viralhelp.me\/et\/wp-json\/wp\/v2\/users\/8"}],"replies":[{"embeddable":true,"href":"https:\/\/viralhelp.me\/et\/wp-json\/wp\/v2\/comments?post=4241"}],"version-history":[{"count":14,"href":"https:\/\/viralhelp.me\/et\/wp-json\/wp\/v2\/pages\/4241\/revisions"}],"predecessor-version":[{"id":11290,"href":"https:\/\/viralhelp.me\/et\/wp-json\/wp\/v2\/pages\/4241\/revisions\/11290"}],"wp:attachment":[{"href":"https:\/\/viralhelp.me\/et\/wp-json\/wp\/v2\/media?parent=4241"}],"curies":[{"name":"wp","href":"https:\/\/api.w.org\/{rel}","templated":true}]}}